{"id":1068,"date":"2024-09-18T00:54:36","date_gmt":"2024-09-18T00:54:36","guid":{"rendered":"https:\/\/zibad.cl\/deco\/?post_type=product&#038;p=1068"},"modified":"2024-10-09T02:17:49","modified_gmt":"2024-10-09T02:17:49","slug":"galvano-cristiano-manos-alzadas","status":"publish","type":"product","link":"https:\/\/zibad.cl\/deco\/producto\/galvano-cristiano-manos-alzadas\/","title":{"rendered":"Galvano Cristiano Manos Alzadas"},"content":{"rendered":"","protected":false},"excerpt":{"rendered":"<p>Un Reconocimiento con Elegancia y Calidez \ud83c\udf1f<\/p>\n<p>Destaca los logros de manera \u00fanica con nuestro <strong>galvano de madera personalizado<\/strong>, una pieza que combina la belleza natural de la madera con la personalizaci\u00f3n exclusiva para cada ocasi\u00f3n especial. Perfecto para ceremonias de premiaci\u00f3n, reconocimientos empresariales o eventos conmemorativos.<\/p>\n<p><center>[oneclick single=\"true\" phone=\"56988878342\" product=\"current\" fullwidth=\"false\"]<\/center><\/p>\n","protected":false},"featured_media":1065,"comment_status":"open","ping_status":"closed","template":"","meta":[],"product_cat":[32,24],"product_tag":[],"class_list":{"0":"post-1068","1":"product","2":"type-product","3":"status-publish","4":"has-post-thumbnail","6":"product_cat-galvanos","7":"product_cat-personalizados","9":"first","10":"instock","11":"shipping-taxable","12":"product-type-simple"},"jetpack_sharing_enabled":true,"_links":{"self":[{"href":"https:\/\/zibad.cl\/deco\/wp-json\/wp\/v2\/product\/1068","targetHints":{"allow":["GET"]}}],"collection":[{"href":"https:\/\/zibad.cl\/deco\/wp-json\/wp\/v2\/product"}],"about":[{"href":"https:\/\/zibad.cl\/deco\/wp-json\/wp\/v2\/types\/product"}],"replies":[{"embeddable":true,"href":"https:\/\/zibad.cl\/deco\/wp-json\/wp\/v2\/comments?post=1068"}],"version-history":[{"count":2,"href":"https:\/\/zibad.cl\/deco\/wp-json\/wp\/v2\/product\/1068\/revisions"}],"predecessor-version":[{"id":1628,"href":"https:\/\/zibad.cl\/deco\/wp-json\/wp\/v2\/product\/1068\/revisions\/1628"}],"wp:featuredmedia":[{"embeddable":true,"href":"https:\/\/zibad.cl\/deco\/wp-json\/wp\/v2\/media\/1065"}],"wp:attachment":[{"href":"https:\/\/zibad.cl\/deco\/wp-json\/wp\/v2\/media?parent=1068"}],"wp:term":[{"taxonomy":"product_cat","embeddable":true,"href":"https:\/\/zibad.cl\/deco\/wp-json\/wp\/v2\/product_cat?post=1068"},{"taxonomy":"product_tag","embeddable":true,"href":"https:\/\/zibad.cl\/deco\/wp-json\/wp\/v2\/product_tag?post=1068"}],"curies":[{"name":"wp","href":"https:\/\/api.w.org\/{rel}","templated":true}]}}