{"id":1641,"date":"2024-10-12T20:49:15","date_gmt":"2024-10-12T20:49:15","guid":{"rendered":"https:\/\/zibad.cl\/deco\/producto\/galvano-de-llamarada-de-exito\/"},"modified":"2024-10-12T21:05:37","modified_gmt":"2024-10-12T21:05:37","slug":"galvano-de-llamarada-de-exito","status":"publish","type":"product","link":"https:\/\/zibad.cl\/deco\/producto\/galvano-de-llamarada-de-exito\/","title":{"rendered":"Galvano de llamarada de \u00e9xito."},"content":{"rendered":"","protected":false},"excerpt":{"rendered":"<p>Un Reconocimiento con Elegancia y Calidez \ud83c\udf1f<\/p>\n<p>Destaca los logros de manera \u00fanica con nuestro <strong>galvano de madera personalizado<\/strong>, una pieza que combina la belleza natural de la madera con la personalizaci\u00f3n exclusiva para cada ocasi\u00f3n especial. Perfecto para ceremonias de premiaci\u00f3n, reconocimientos empresariales o eventos conmemorativos.<\/p>\n<p><center>[oneclick single=\"true\" phone=\"56988878342\" product=\"current\" fullwidth=\"false\"]<\/center><\/p>\n","protected":false},"featured_media":1640,"comment_status":"open","ping_status":"closed","template":"","meta":[],"product_cat":[32],"product_tag":[],"class_list":{"0":"post-1641","1":"product","2":"type-product","3":"status-publish","4":"has-post-thumbnail","6":"product_cat-galvanos","8":"first","9":"instock","10":"shipping-taxable","11":"product-type-simple"},"jetpack_sharing_enabled":true,"_links":{"self":[{"href":"https:\/\/zibad.cl\/deco\/wp-json\/wp\/v2\/product\/1641","targetHints":{"allow":["GET"]}}],"collection":[{"href":"https:\/\/zibad.cl\/deco\/wp-json\/wp\/v2\/product"}],"about":[{"href":"https:\/\/zibad.cl\/deco\/wp-json\/wp\/v2\/types\/product"}],"replies":[{"embeddable":true,"href":"https:\/\/zibad.cl\/deco\/wp-json\/wp\/v2\/comments?post=1641"}],"version-history":[{"count":2,"href":"https:\/\/zibad.cl\/deco\/wp-json\/wp\/v2\/product\/1641\/revisions"}],"predecessor-version":[{"id":1643,"href":"https:\/\/zibad.cl\/deco\/wp-json\/wp\/v2\/product\/1641\/revisions\/1643"}],"wp:featuredmedia":[{"embeddable":true,"href":"https:\/\/zibad.cl\/deco\/wp-json\/wp\/v2\/media\/1640"}],"wp:attachment":[{"href":"https:\/\/zibad.cl\/deco\/wp-json\/wp\/v2\/media?parent=1641"}],"wp:term":[{"taxonomy":"product_cat","embeddable":true,"href":"https:\/\/zibad.cl\/deco\/wp-json\/wp\/v2\/product_cat?post=1641"},{"taxonomy":"product_tag","embeddable":true,"href":"https:\/\/zibad.cl\/deco\/wp-json\/wp\/v2\/product_tag?post=1641"}],"curies":[{"name":"wp","href":"https:\/\/api.w.org\/{rel}","templated":true}]}}